{"id":1239,"date":"2025-07-02T06:40:11","date_gmt":"2025-07-02T06:40:11","guid":{"rendered":"https:\/\/centroavafisioterapia.com\/politica-de-cookies-ue\/"},"modified":"2026-02-05T11:05:10","modified_gmt":"2026-02-05T11:05:10","slug":"politica-de-cookies-ue","status":"publish","type":"page","link":"https:\/\/centroavafisioterapia.com\/gl\/politica-de-cookies-ue\/","title":{"rendered":"Pol\u00edtica de cookies (UE)"},"content":{"rendered":"\n<h4 class=\"wp-block-heading\">Primera capa de informaci\u00f3n \u2013 Banner de consentimiento<\/h4>\n\n<p>Usamos cookies propias e de terceiros para garantir o correcto funcionamento do noso sitio web, mellorar a experiencia do usuario e recompilar estat\u00edsticas de uso. Podes atopar m\u00e1is informaci\u00f3n ou aprender a cambiar a t\u00faa configuraci\u00f3n na nosa Pol\u00edtica de cookies.<br\/>Podes aceptar todas as cookies facendo clic no bot\u00f3n &#8220;Aceptar&#8221; ou configurar ou rexeitar o seu uso facendo clic en &#8220;Configurar&#8221;. <\/p>\n\n<blockquote class=\"wp-block-quote is-layout-flow wp-block-quote-is-layout-flow\">\n<p>Nota: permanecer no sitio web sen facer m\u00e1is acci\u00f3ns non se considerar\u00e1 unha aceptaci\u00f3n das cookies.<\/p>\n<\/blockquote>\n\n<hr class=\"wp-block-separator has-alpha-channel-opacity\"\/>\n\n<h4 class=\"wp-block-heading\">Configuraci\u00f3n de cookies<\/h4>\n\n<h4 class=\"wp-block-heading\">Cookies t\u00e9cnicas<\/h4>\n\n<p>Son aquellas imprescindibles para el funcionamiento b\u00e1sico de la web, recordar tus preferencias de configuraci\u00f3n y garantizar la seguridad. No requieren consentimiento expreso. <\/p>\n\n<p><strong>Detalle de cookies t\u00e9cnicas<\/strong><\/p>\n\n<ul class=\"wp-block-list\">\n<li>Nome: WordPress<br\/>Provedor: centroavafisioterapia.com<br\/>Finalidade: Manter a sesi\u00f3n activa e lembrar as preferencias<br\/>Caducidade: Sesi\u00f3n<br\/>Tipo: T\u00e9cnica<\/li>\n\n\n\n<li>Nome: LiteSpeed<br\/>Provedor: centroavafisioterapia.com<br\/>Obxectivo: Optimizaci\u00f3n do rendemento e almacenamento en cach\u00e9 do sitio web<br\/>Caducidade: Sesi\u00f3n<br\/>Tipo: T\u00e9cnico<\/li>\n<\/ul>\n\n<hr class=\"wp-block-separator has-alpha-channel-opacity\"\/>\n\n<h4 class=\"wp-block-heading\">Cookies de personalizaci\u00f3n<\/h4>\n\n<p>Permiten lembrar as preferencias de navegaci\u00f3n como o idioma ou a rexi\u00f3n.<br\/><em>(O teu sitio web non detecta actualmente ningunha cookie de personalizaci\u00f3n espec\u00edfica, m\u00e1is al\u00e1 das t\u00e9cnicas mencionadas.)<\/em><\/p>\n\n<hr class=\"wp-block-separator has-alpha-channel-opacity\"\/>\n\n<h4 class=\"wp-block-heading\">Cookies anal\u00edticas<\/h4>\n\n<p>Ax\u00fadannos a comprender como os usuarios usan o sitio web, o que nos permite medir as visitas e mellorar o contido.<\/p>\n\n<p><strong>Detalle de cookies anal\u00edticas<\/strong><\/p>\n\n<ul class=\"wp-block-list\">\n<li>Nome: Elementor<br\/>Provedor: centroavafisioterapia.com<br\/>Obxectivo: Xerar estat\u00edsticas de uso an\u00f3nimas para mellorar a experiencia do editor de contidos<br\/>Caducidade: Persistente<br\/>Tipo: Anal\u00edtica<\/li>\n\n\n\n<li>Nome: WooCommerce<br\/>Provedor: centroavafisioterapia.com<br\/>Finalidade: Recompilar estat\u00edsticas sobre o uso de produtos e servizos<br\/>Caducidade: Sesi\u00f3n<br\/>Tipo: Anal\u00edtica<\/li>\n<\/ul>\n\n<hr class=\"wp-block-separator has-alpha-channel-opacity\"\/>\n\n<h4 class=\"wp-block-heading\">Cookies de mercadotecnia ou seguimento<\/h4>\n\n<p>\u00dasanse para crear perf\u00eds de usuario e mostrar publicidade relevante ou para rastrexar o usuario neste e noutros sitios web.<\/p>\n\n<p><strong>Detalle de cookies de marketing<\/strong><\/p>\n\n<ul class=\"wp-block-list\">\n<li><strong>Nombre:<\/strong> varios<br\/><strong>Proveedor:<\/strong> terceros (a confirmar seg\u00fan auditor\u00eda)<br\/><strong>Finalidad:<\/strong> Seguimiento de la navegaci\u00f3n para fines de marketing<br\/><strong>Caducidad:<\/strong> Variable<br\/><strong>Tipo:<\/strong> Marketing<\/li>\n<\/ul>\n\n<hr class=\"wp-block-separator has-alpha-channel-opacity\"\/>\n\n<h4 class=\"wp-block-heading\">Cookies de complementos o sociales<\/h4>\n\n<p>Permiten acceder a contenidos de terceros (como v\u00eddeos de YouTube, mapas de Google) o compartir contenidos en redes sociales.<br\/><em>(Actualmente tu web no las carga por defecto, pero podr\u00edan a\u00f1adirse si integras plugins de redes sociales o mapas).<\/em><\/p>\n\n<hr class=\"wp-block-separator has-alpha-channel-opacity\"\/>\n\n<h4 class=\"wp-block-heading\">\u00bfC\u00f3mo revocar o modificar tu consentimiento?<\/h4>\n\n<p>Puedes modificar tus preferencias de cookies en cualquier momento desde la opci\u00f3n <strong>Configurar cookies<\/strong> en el banner o pie de p\u00e1gina.<br\/>Tambi\u00e9n puedes eliminarlas desde la configuraci\u00f3n de tu navegador:<\/p>\n\n<ul class=\"wp-block-list\">\n<li><a href=\"https:\/\/support.google.com\/chrome\/answer\/95647?hl=es\">Gestionar cookies en Google Chrome<\/a><\/li>\n\n\n\n<li><a href=\"https:\/\/support.mozilla.org\/es\/kb\/proteccion-antirrastreo-mejorada-firefox-escritorio\">Gestionar cookies en Mozilla Firefox<\/a><\/li>\n\n\n\n<li><a href=\"https:\/\/support.apple.com\/es-es\/guide\/safari\/sfri11471\/mac\" data-type=\"link\" data-id=\"https:\/\/support.apple.com\/es-es\/guide\/safari\/sfri11471\/mac\">Gestionar cookies en Safari<\/a><\/li>\n\n\n\n<li><a href=\"https:\/\/support.microsoft.com\/es-es\/windows\/administrar-cookies-en-microsoft-edge-ver-permitir-bloquear-eliminar-y-usar-168dab11-0753-043d-7c16-ede5947fc64d\">Gestionar cookies en Microsoft Edge<\/a><\/li>\n<\/ul>\n\n<hr class=\"wp-block-separator has-alpha-channel-opacity\"\/>\n\n<h4 class=\"wp-block-heading\">Derechos sobre los datos personales<\/h4>\n\n<p>Puedes ejercer tus derechos de acceso, rectificaci\u00f3n, supresi\u00f3n, limitaci\u00f3n, oposici\u00f3n y portabilidad de tus datos personales contactando con nosotros en:<\/p>\n\n<p><strong>Centro AVA Fisioterapia<\/strong><br\/>\ud83d\udccd Av. Ram\u00f3n Ferreiro, 21, 27002 Lugo \u2013 Espa\u00f1a<br\/>\ud83d\udce7 <a>info@centroavafisioterapia.com<\/a><br\/>\ud83d\udcde 982 24 24 21 <\/p>\n\n<p>En caso de desacuerdo, puedes presentar una reclamaci\u00f3n ante la Agencia Espa\u00f1ola de Protecci\u00f3n de Datos (AEPD).<\/p>\n\n<hr class=\"wp-block-separator has-alpha-channel-opacity\"\/>\n\n<h4 class=\"wp-block-heading\">Actualizaciones<\/h4>\n\n<p>Esta Pol\u00edtica de cookies pode actualizarse en calquera momento para adaptarse a cambios normativos ou t\u00e9cnicos. \u00daltima actualizaci\u00f3n: 4 de agosto de 2025. <\/p>\n","protected":false},"excerpt":{"rendered":"<p>Primera capa de informaci\u00f3n \u2013 Banner de consentimiento Usamos cookies propias e de terceiros para garantir o correcto funcionamento do [&hellip;]<\/p>\n","protected":false},"author":1,"featured_media":0,"parent":0,"menu_order":0,"comment_status":"closed","ping_status":"closed","template":"","meta":{"site-sidebar-layout":"default","site-content-layout":"","ast-site-content-layout":"default","site-content-style":"default","site-sidebar-style":"default","ast-global-header-display":"","ast-banner-title-visibility":"","ast-main-header-display":"","ast-hfb-above-header-display":"","ast-hfb-below-header-display":"","ast-hfb-mobile-header-display":"","site-post-title":"","ast-breadcrumbs-content":"","ast-featured-img":"","footer-sml-layout":"","theme-transparent-header-meta":"","adv-header-id-meta":"","stick-header-meta":"","header-above-stick-meta":"","header-main-stick-meta":"","header-below-stick-meta":"","astra-migrate-meta-layouts":"default","ast-page-background-enabled":"default","ast-page-background-meta":{"desktop":{"background-color":"var(--ast-global-color-4)","background-image":"","background-repeat":"repeat","background-position":"center center","background-size":"auto","background-attachment":"scroll","background-type":"","background-media":"","overlay-type":"","overlay-color":"","overlay-opacity":"","overlay-gradient":""},"tablet":{"background-color":"","background-image":"","background-repeat":"repeat","background-position":"center center","background-size":"auto","background-attachment":"scroll","background-type":"","background-media":"","overlay-type":"","overlay-color":"","overlay-opacity":"","overlay-gradient":""},"mobile":{"background-color":"","background-image":"","background-repeat":"repeat","background-position":"center center","background-size":"auto","background-attachment":"scroll","background-type":"","background-media":"","overlay-type":"","overlay-color":"","overlay-opacity":"","overlay-gradient":""}},"ast-content-background-meta":{"desktop":{"background-color":"var(--ast-global-color-5)","background-image":"","background-repeat":"repeat","background-position":"center center","background-size":"auto","background-attachment":"scroll","background-type":"","background-media":"","overlay-type":"","overlay-color":"","overlay-opacity":"","overlay-gradient":""},"tablet":{"background-color":"var(--ast-global-color-5)","background-image":"","background-repeat":"repeat","background-position":"center center","background-size":"auto","background-attachment":"scroll","background-type":"","background-media":"","overlay-type":"","overlay-color":"","overlay-opacity":"","overlay-gradient":""},"mobile":{"background-color":"var(--ast-global-color-5)","background-image":"","background-repeat":"repeat","background-position":"center center","background-size":"auto","background-attachment":"scroll","background-type":"","background-media":"","overlay-type":"","overlay-color":"","overlay-opacity":"","overlay-gradient":""}},"footnotes":""},"class_list":["post-1239","page","type-page","status-publish","hentry"],"yoast_head":"<!-- This site is optimized with the Yoast SEO plugin v26.9 - https:\/\/yoast.com\/product\/yoast-seo-wordpress\/ -->\n<title>Pol\u00edtica de cookies (UE) - Centro Ava Fisioterapia<\/title>\n<meta name=\"robots\" content=\"index, follow, max-snippet:-1, max-image-preview:large, max-video-preview:-1\" \/>\n<link rel=\"canonical\" href=\"https:\/\/centroavafisioterapia.com\/gl\/politica-de-cookies-ue\/\" \/>\n<meta property=\"og:locale\" content=\"gl_ES\" \/>\n<meta property=\"og:type\" content=\"article\" \/>\n<meta property=\"og:title\" content=\"Pol\u00edtica de cookies (UE) - Centro Ava Fisioterapia\" \/>\n<meta property=\"og:description\" content=\"Primera capa de informaci\u00f3n \u2013 Banner de consentimiento Usamos cookies propias e de terceiros para garantir o correcto funcionamento do [&hellip;]\" \/>\n<meta property=\"og:url\" content=\"https:\/\/centroavafisioterapia.com\/gl\/politica-de-cookies-ue\/\" \/>\n<meta property=\"og:site_name\" content=\"Centro Ava Fisioterapia\" \/>\n<meta property=\"article:publisher\" content=\"https:\/\/www.facebook.com\/centroavafisioterapia\/\" \/>\n<meta property=\"article:modified_time\" content=\"2026-02-05T11:05:10+00:00\" \/>\n<meta name=\"twitter:card\" content=\"summary_large_image\" \/>\n<meta name=\"twitter:label1\" content=\"Tempo de lectura\" \/>\n\t<meta name=\"twitter:data1\" content=\"3 minutos\" \/>\n<script type=\"application\/ld+json\" class=\"yoast-schema-graph\">{\"@context\":\"https:\/\/schema.org\",\"@graph\":[{\"@type\":\"WebPage\",\"@id\":\"https:\/\/centroavafisioterapia.com\/gl\/politica-de-cookies-ue\/\",\"url\":\"https:\/\/centroavafisioterapia.com\/gl\/politica-de-cookies-ue\/\",\"name\":\"Pol\u00edtica de cookies (UE) - Centro Ava Fisioterapia\",\"isPartOf\":{\"@id\":\"https:\/\/centroavafisioterapia.com\/#website\"},\"datePublished\":\"2025-07-02T06:40:11+00:00\",\"dateModified\":\"2026-02-05T11:05:10+00:00\",\"breadcrumb\":{\"@id\":\"https:\/\/centroavafisioterapia.com\/gl\/politica-de-cookies-ue\/#breadcrumb\"},\"inLanguage\":\"gl-ES\",\"potentialAction\":[{\"@type\":\"ReadAction\",\"target\":[\"https:\/\/centroavafisioterapia.com\/gl\/politica-de-cookies-ue\/\"]}]},{\"@type\":\"BreadcrumbList\",\"@id\":\"https:\/\/centroavafisioterapia.com\/gl\/politica-de-cookies-ue\/#breadcrumb\",\"itemListElement\":[{\"@type\":\"ListItem\",\"position\":1,\"name\":\"Portada\",\"item\":\"https:\/\/centroavafisioterapia.com\/gl\/comezar\/\"},{\"@type\":\"ListItem\",\"position\":2,\"name\":\"Pol\u00edtica de cookies (UE)\"}]},{\"@type\":\"WebSite\",\"@id\":\"https:\/\/centroavafisioterapia.com\/#website\",\"url\":\"https:\/\/centroavafisioterapia.com\/\",\"name\":\"Centro Ava Fisioterapia\",\"description\":\"Sitio web de Centro Ava Fisioterapia\",\"publisher\":{\"@id\":\"https:\/\/centroavafisioterapia.com\/#organization\"},\"potentialAction\":[{\"@type\":\"SearchAction\",\"target\":{\"@type\":\"EntryPoint\",\"urlTemplate\":\"https:\/\/centroavafisioterapia.com\/?s={search_term_string}\"},\"query-input\":{\"@type\":\"PropertyValueSpecification\",\"valueRequired\":true,\"valueName\":\"search_term_string\"}}],\"inLanguage\":\"gl-ES\"},{\"@type\":\"Organization\",\"@id\":\"https:\/\/centroavafisioterapia.com\/#organization\",\"name\":\"Centro Ava Fisioterapia\",\"url\":\"https:\/\/centroavafisioterapia.com\/\",\"logo\":{\"@type\":\"ImageObject\",\"inLanguage\":\"gl-ES\",\"@id\":\"https:\/\/centroavafisioterapia.com\/#\/schema\/logo\/image\/\",\"url\":\"https:\/\/centroavafisioterapia.com\/wp-content\/uploads\/2025\/07\/Anadir-un-titulo.svg\",\"contentUrl\":\"https:\/\/centroavafisioterapia.com\/wp-content\/uploads\/2025\/07\/Anadir-un-titulo.svg\",\"width\":180,\"height\":60,\"caption\":\"Centro Ava Fisioterapia\"},\"image\":{\"@id\":\"https:\/\/centroavafisioterapia.com\/#\/schema\/logo\/image\/\"},\"sameAs\":[\"https:\/\/www.facebook.com\/centroavafisioterapia\/\"]}]}<\/script>\n<!-- \/ Yoast SEO plugin. -->","yoast_head_json":{"title":"Pol\u00edtica de cookies (UE) - Centro Ava Fisioterapia","robots":{"index":"index","follow":"follow","max-snippet":"max-snippet:-1","max-image-preview":"max-image-preview:large","max-video-preview":"max-video-preview:-1"},"canonical":"https:\/\/centroavafisioterapia.com\/gl\/politica-de-cookies-ue\/","og_locale":"gl_ES","og_type":"article","og_title":"Pol\u00edtica de cookies (UE) - Centro Ava Fisioterapia","og_description":"Primera capa de informaci\u00f3n \u2013 Banner de consentimiento Usamos cookies propias e de terceiros para garantir o correcto funcionamento do [&hellip;]","og_url":"https:\/\/centroavafisioterapia.com\/gl\/politica-de-cookies-ue\/","og_site_name":"Centro Ava Fisioterapia","article_publisher":"https:\/\/www.facebook.com\/centroavafisioterapia\/","article_modified_time":"2026-02-05T11:05:10+00:00","twitter_card":"summary_large_image","twitter_misc":{"Tempo de lectura":"3 minutos"},"schema":{"@context":"https:\/\/schema.org","@graph":[{"@type":"WebPage","@id":"https:\/\/centroavafisioterapia.com\/gl\/politica-de-cookies-ue\/","url":"https:\/\/centroavafisioterapia.com\/gl\/politica-de-cookies-ue\/","name":"Pol\u00edtica de cookies (UE) - Centro Ava Fisioterapia","isPartOf":{"@id":"https:\/\/centroavafisioterapia.com\/#website"},"datePublished":"2025-07-02T06:40:11+00:00","dateModified":"2026-02-05T11:05:10+00:00","breadcrumb":{"@id":"https:\/\/centroavafisioterapia.com\/gl\/politica-de-cookies-ue\/#breadcrumb"},"inLanguage":"gl-ES","potentialAction":[{"@type":"ReadAction","target":["https:\/\/centroavafisioterapia.com\/gl\/politica-de-cookies-ue\/"]}]},{"@type":"BreadcrumbList","@id":"https:\/\/centroavafisioterapia.com\/gl\/politica-de-cookies-ue\/#breadcrumb","itemListElement":[{"@type":"ListItem","position":1,"name":"Portada","item":"https:\/\/centroavafisioterapia.com\/gl\/comezar\/"},{"@type":"ListItem","position":2,"name":"Pol\u00edtica de cookies (UE)"}]},{"@type":"WebSite","@id":"https:\/\/centroavafisioterapia.com\/#website","url":"https:\/\/centroavafisioterapia.com\/","name":"Centro Ava Fisioterapia","description":"Sitio web de Centro Ava Fisioterapia","publisher":{"@id":"https:\/\/centroavafisioterapia.com\/#organization"},"potentialAction":[{"@type":"SearchAction","target":{"@type":"EntryPoint","urlTemplate":"https:\/\/centroavafisioterapia.com\/?s={search_term_string}"},"query-input":{"@type":"PropertyValueSpecification","valueRequired":true,"valueName":"search_term_string"}}],"inLanguage":"gl-ES"},{"@type":"Organization","@id":"https:\/\/centroavafisioterapia.com\/#organization","name":"Centro Ava Fisioterapia","url":"https:\/\/centroavafisioterapia.com\/","logo":{"@type":"ImageObject","inLanguage":"gl-ES","@id":"https:\/\/centroavafisioterapia.com\/#\/schema\/logo\/image\/","url":"https:\/\/centroavafisioterapia.com\/wp-content\/uploads\/2025\/07\/Anadir-un-titulo.svg","contentUrl":"https:\/\/centroavafisioterapia.com\/wp-content\/uploads\/2025\/07\/Anadir-un-titulo.svg","width":180,"height":60,"caption":"Centro Ava Fisioterapia"},"image":{"@id":"https:\/\/centroavafisioterapia.com\/#\/schema\/logo\/image\/"},"sameAs":["https:\/\/www.facebook.com\/centroavafisioterapia\/"]}]}},"_links":{"self":[{"href":"https:\/\/centroavafisioterapia.com\/gl\/wp-json\/wp\/v2\/pages\/1239","targetHints":{"allow":["GET"]}}],"collection":[{"href":"https:\/\/centroavafisioterapia.com\/gl\/wp-json\/wp\/v2\/pages"}],"about":[{"href":"https:\/\/centroavafisioterapia.com\/gl\/wp-json\/wp\/v2\/types\/page"}],"author":[{"embeddable":true,"href":"https:\/\/centroavafisioterapia.com\/gl\/wp-json\/wp\/v2\/users\/1"}],"replies":[{"embeddable":true,"href":"https:\/\/centroavafisioterapia.com\/gl\/wp-json\/wp\/v2\/comments?post=1239"}],"version-history":[{"count":4,"href":"https:\/\/centroavafisioterapia.com\/gl\/wp-json\/wp\/v2\/pages\/1239\/revisions"}],"predecessor-version":[{"id":1317,"href":"https:\/\/centroavafisioterapia.com\/gl\/wp-json\/wp\/v2\/pages\/1239\/revisions\/1317"}],"wp:attachment":[{"href":"https:\/\/centroavafisioterapia.com\/gl\/wp-json\/wp\/v2\/media?parent=1239"}],"curies":[{"name":"wp","href":"https:\/\/api.w.org\/{rel}","templated":true}]}}