{"id":1244,"date":"2025-06-25T12:47:17","date_gmt":"2025-06-25T12:47:17","guid":{"rendered":"https:\/\/centroavafisioterapia.com\/politica-de-privacidade\/"},"modified":"2026-02-05T12:53:53","modified_gmt":"2026-02-05T12:53:53","slug":"politica-de-privacidade","status":"publish","type":"page","link":"https:\/\/centroavafisioterapia.com\/gl\/politica-de-privacidade\/","title":{"rendered":"Pol\u00edtica de protecci\u00f3n de datos"},"content":{"rendered":"\n<p>De acordo coa normativa de protecci\u00f3n de datos persoais, procedemos a<br\/> para informarlle sobre o tratamento de datos persoais que levamos a cabo sobre os nosos clientes e\/ou usuarios<br\/> deste sitio web.<br\/> 1.- Controlador de datos<br\/> ANDR\u00c9S VILA \u00c1LVAREZ (en diante CENTRO AVA)<br\/> R\u00daA RAM\u00d3N FERREIRO 21 &#8211; GRAN HOTEL LUGO GALER\u00cdAS COMERCIAIS &#8211; 27002 LUGO<br\/> (LUGO)<br\/> andresvalvarez@hotmail.com.<\/p>\n\n<ol start=\"2\" class=\"wp-block-list\">\n<li>Finalidade do tratamento, base xur\u00eddica e per\u00edodo de conservaci\u00f3n<br\/> CENTRO AVA pode procesar os seus datos persoais de acordo co seguinte<br\/> prop\u00f3sitos:<\/li>\n<\/ol>\n\n<p>ATENCI\u00d3N AO CLIENTE A TRAV\u00c9S DO FORMULARIO DE CONTACTO E\/OU DE ENV\u00cdO<br\/> DE CORREOS ELECTR\u00d3NICOS<br\/> Finalidade do tratamento: s\u00f3 trataremos os datos estritamente necesarios para xestionar a s\u00faa<br\/> solicitude.<br\/> Lexitimaci\u00f3n: existe un interese lex\u00edtimo por ambas as partes para a resoluci\u00f3n de solicitudes ou<br\/> consultas.<br\/> En caso de reclamaci\u00f3ns relacionadas cos nosos servizos, a base xur\u00eddica \u00e9 o cumprimento<br\/> de obrigas legais por nosa parte.<br\/> Per\u00edodo de conservaci\u00f3n: o tempo necesario para responder \u00e1 s\u00faa solicitude e, en calquera caso,<br\/> ata que transcorra o prazo de prescrici\u00f3n de calquera reclamaci\u00f3n de responsabilidade civil resultante<br\/> do tratamento.<\/p>\n\n<ol start=\"3\" class=\"wp-block-list\">\n<li>Destinatarios de transferencias<br\/> Non compartiremos os teus datos con terceiros, ag\u00e1s para cumprir unha obriga legal.<\/li>\n<\/ol>\n\n<p>Pol\u00edtica de protecci\u00f3n de datos<br\/> Sitio web de ANDR\u00c9S VILA \u00c1LVAREZ<\/p>\n\n<p>Ponte en contacto co noso equipo do Servizo de Adaptaci\u00f3n Continua da LOPD aqu\u00ed:<br\/> empresas@rbsoluciones.com &#8211; 900831651 &#8211; www.rbsoluciones.com<\/p>\n\n<ol start=\"4\" class=\"wp-block-list\">\n<li>Pol\u00edtica de cookies<br\/> Para revisar o tratamento de datos relacionado coas cookies, podes consultar a pol\u00edtica de cookies.<br\/> dispo\u00f1ible nesta mesma p\u00e1xina web.<br\/> Podes configurar as t\u00faas preferencias de cookies no propio aviso de configuraci\u00f3n.<br\/> de galletas.<\/li>\n\n\n\n<li>Dereitos<br\/> Finalmente, inform\u00e1mosche dos teus dereitos de protecci\u00f3n de datos.<\/li>\n<\/ol>\n\n<ul class=\"wp-block-list\">\n<li>Dereito a solicitar o acceso aos seus datos persoais.<\/li>\n\n\n\n<li>Dereito a solicitar a s\u00faa rectificaci\u00f3n ou supresi\u00f3n.<\/li>\n\n\n\n<li>Dereito a solicitar a limitaci\u00f3n do seu tratamento e a opo\u00f1erse ao tratamento.<\/li>\n\n\n\n<li>Dereito \u00e1 portabilidade dos datos.<\/li>\n\n\n\n<li>Dereito a retirar o seu consentimento.<br\/> Podes enviar a t\u00faa solicitude por correo electr\u00f3nico a:<br\/> <a href=\"correo electr&#xF3;nico: andresvalvarez@hotmail.com.\">andresvalvarez@hotmail.com.<\/a><br\/> Se considera que non atendemos axeitadamente os seus dereitos, pode presentar unha queixa.<br\/> Reclamaci\u00f3n ante a Axencia Espa\u00f1ola de Protecci\u00f3n de Datos, a trav\u00e9s das seguintes canles:<\/li>\n\n\n\n<li>Sede electr\u00f3nica: <a href=\"https:\/\/www.aepd.es\/\">www.aepd.es<\/a><\/li>\n\n\n\n<li>Enderezo postal: R\u00faa Jorge Juan 6, 28001 \u2013 Madrid<\/li>\n\n\n\n<li>Tel\u00e9fono: 901 100 099 \u2013 91 266 35 17<\/li>\n<\/ul>\n\n<ol start=\"4\" class=\"wp-block-list\">\n<li>Medidas de seguridade<br\/> CENTRO AVA implementou as medidas t\u00e9cnicas e organizativas necesarias para garantir<br\/> a seguridade dos seus datos persoais e para evitar a s\u00faa alteraci\u00f3n, perda e tratamento<br\/> e\/ou acceso non autorizado, tendo en conta o estado da tecnolox\u00eda, a natureza do<br\/> datos almacenados e os riscos derivados da acci\u00f3n humana ou do medio f\u00edsico e natural<br\/> aos que est\u00e1n expostos.<\/li>\n<\/ol>\n","protected":false},"excerpt":{"rendered":"<p>De acordo coa normativa de protecci\u00f3n de datos persoais, procedemos a para informarlle sobre o tratamento de datos persoais que [&hellip;]<\/p>\n","protected":false},"author":1,"featured_media":0,"parent":0,"menu_order":0,"comment_status":"closed","ping_status":"closed","template":"","meta":{"site-sidebar-layout":"default","site-content-layout":"","ast-site-content-layout":"default","site-content-style":"default","site-sidebar-style":"default","ast-global-header-display":"","ast-banner-title-visibility":"","ast-main-header-display":"","ast-hfb-above-header-display":"","ast-hfb-below-header-display":"","ast-hfb-mobile-header-display":"","site-post-title":"","ast-breadcrumbs-content":"","ast-featured-img":"","footer-sml-layout":"","theme-transparent-header-meta":"","adv-header-id-meta":"","stick-header-meta":"","header-above-stick-meta":"","header-main-stick-meta":"","header-below-stick-meta":"","astra-migrate-meta-layouts":"default","ast-page-background-enabled":"default","ast-page-background-meta":{"desktop":{"background-color":"var(--ast-global-color-4)","background-image":"","background-repeat":"repeat","background-position":"center center","background-size":"auto","background-attachment":"scroll","background-type":"","background-media":"","overlay-type":"","overlay-color":"","overlay-opacity":"","overlay-gradient":""},"tablet":{"background-color":"","background-image":"","background-repeat":"repeat","background-position":"center center","background-size":"auto","background-attachment":"scroll","background-type":"","background-media":"","overlay-type":"","overlay-color":"","overlay-opacity":"","overlay-gradient":""},"mobile":{"background-color":"","background-image":"","background-repeat":"repeat","background-position":"center center","background-size":"auto","background-attachment":"scroll","background-type":"","background-media":"","overlay-type":"","overlay-color":"","overlay-opacity":"","overlay-gradient":""}},"ast-content-background-meta":{"desktop":{"background-color":"var(--ast-global-color-5)","background-image":"","background-repeat":"repeat","background-position":"center center","background-size":"auto","background-attachment":"scroll","background-type":"","background-media":"","overlay-type":"","overlay-color":"","overlay-opacity":"","overlay-gradient":""},"tablet":{"background-color":"var(--ast-global-color-5)","background-image":"","background-repeat":"repeat","background-position":"center center","background-size":"auto","background-attachment":"scroll","background-type":"","background-media":"","overlay-type":"","overlay-color":"","overlay-opacity":"","overlay-gradient":""},"mobile":{"background-color":"var(--ast-global-color-5)","background-image":"","background-repeat":"repeat","background-position":"center center","background-size":"auto","background-attachment":"scroll","background-type":"","background-media":"","overlay-type":"","overlay-color":"","overlay-opacity":"","overlay-gradient":""}},"footnotes":""},"class_list":["post-1244","page","type-page","status-publish","hentry"],"yoast_head":"<!-- This site is optimized with the Yoast SEO plugin v26.9 - https:\/\/yoast.com\/product\/yoast-seo-wordpress\/ -->\n<title>Pol\u00edtica de protecci\u00f3n de datos - Centro Ava Fisioterapia<\/title>\n<meta name=\"robots\" content=\"index, follow, max-snippet:-1, max-image-preview:large, max-video-preview:-1\" \/>\n<link rel=\"canonical\" href=\"https:\/\/centroavafisioterapia.com\/gl\/politica-de-privacidade\/\" \/>\n<meta property=\"og:locale\" content=\"gl_ES\" \/>\n<meta property=\"og:type\" content=\"article\" \/>\n<meta property=\"og:title\" content=\"Pol\u00edtica de protecci\u00f3n de datos - Centro Ava Fisioterapia\" \/>\n<meta property=\"og:description\" content=\"De acordo coa normativa de protecci\u00f3n de datos persoais, procedemos a para informarlle sobre o tratamento de datos persoais que [&hellip;]\" \/>\n<meta property=\"og:url\" content=\"https:\/\/centroavafisioterapia.com\/gl\/politica-de-privacidade\/\" \/>\n<meta property=\"og:site_name\" content=\"Centro Ava Fisioterapia\" \/>\n<meta property=\"article:publisher\" content=\"https:\/\/www.facebook.com\/centroavafisioterapia\/\" \/>\n<meta property=\"article:modified_time\" content=\"2026-02-05T12:53:53+00:00\" \/>\n<meta name=\"twitter:card\" content=\"summary_large_image\" \/>\n<meta name=\"twitter:label1\" content=\"Tempo de lectura\" \/>\n\t<meta name=\"twitter:data1\" content=\"2 minutos\" \/>\n<script type=\"application\/ld+json\" class=\"yoast-schema-graph\">{\"@context\":\"https:\/\/schema.org\",\"@graph\":[{\"@type\":\"WebPage\",\"@id\":\"https:\/\/centroavafisioterapia.com\/gl\/politica-de-privacidade\/\",\"url\":\"https:\/\/centroavafisioterapia.com\/gl\/politica-de-privacidade\/\",\"name\":\"Pol\u00edtica de protecci\u00f3n de datos - Centro Ava Fisioterapia\",\"isPartOf\":{\"@id\":\"https:\/\/centroavafisioterapia.com\/#website\"},\"datePublished\":\"2025-06-25T12:47:17+00:00\",\"dateModified\":\"2026-02-05T12:53:53+00:00\",\"breadcrumb\":{\"@id\":\"https:\/\/centroavafisioterapia.com\/gl\/politica-de-privacidade\/#breadcrumb\"},\"inLanguage\":\"gl-ES\",\"potentialAction\":[{\"@type\":\"ReadAction\",\"target\":[\"https:\/\/centroavafisioterapia.com\/gl\/politica-de-privacidade\/\"]}]},{\"@type\":\"BreadcrumbList\",\"@id\":\"https:\/\/centroavafisioterapia.com\/gl\/politica-de-privacidade\/#breadcrumb\",\"itemListElement\":[{\"@type\":\"ListItem\",\"position\":1,\"name\":\"Portada\",\"item\":\"https:\/\/centroavafisioterapia.com\/gl\/comezar\/\"},{\"@type\":\"ListItem\",\"position\":2,\"name\":\"Pol\u00edtica de protecci\u00f3n de datos\"}]},{\"@type\":\"WebSite\",\"@id\":\"https:\/\/centroavafisioterapia.com\/#website\",\"url\":\"https:\/\/centroavafisioterapia.com\/\",\"name\":\"Centro Ava Fisioterapia\",\"description\":\"Sitio web de Centro Ava Fisioterapia\",\"publisher\":{\"@id\":\"https:\/\/centroavafisioterapia.com\/#organization\"},\"potentialAction\":[{\"@type\":\"SearchAction\",\"target\":{\"@type\":\"EntryPoint\",\"urlTemplate\":\"https:\/\/centroavafisioterapia.com\/?s={search_term_string}\"},\"query-input\":{\"@type\":\"PropertyValueSpecification\",\"valueRequired\":true,\"valueName\":\"search_term_string\"}}],\"inLanguage\":\"gl-ES\"},{\"@type\":\"Organization\",\"@id\":\"https:\/\/centroavafisioterapia.com\/#organization\",\"name\":\"Centro Ava Fisioterapia\",\"url\":\"https:\/\/centroavafisioterapia.com\/\",\"logo\":{\"@type\":\"ImageObject\",\"inLanguage\":\"gl-ES\",\"@id\":\"https:\/\/centroavafisioterapia.com\/#\/schema\/logo\/image\/\",\"url\":\"https:\/\/centroavafisioterapia.com\/wp-content\/uploads\/2025\/07\/Anadir-un-titulo.svg\",\"contentUrl\":\"https:\/\/centroavafisioterapia.com\/wp-content\/uploads\/2025\/07\/Anadir-un-titulo.svg\",\"width\":180,\"height\":60,\"caption\":\"Centro Ava Fisioterapia\"},\"image\":{\"@id\":\"https:\/\/centroavafisioterapia.com\/#\/schema\/logo\/image\/\"},\"sameAs\":[\"https:\/\/www.facebook.com\/centroavafisioterapia\/\"]}]}<\/script>\n<!-- \/ Yoast SEO plugin. -->","yoast_head_json":{"title":"Pol\u00edtica de protecci\u00f3n de datos - Centro Ava Fisioterapia","robots":{"index":"index","follow":"follow","max-snippet":"max-snippet:-1","max-image-preview":"max-image-preview:large","max-video-preview":"max-video-preview:-1"},"canonical":"https:\/\/centroavafisioterapia.com\/gl\/politica-de-privacidade\/","og_locale":"gl_ES","og_type":"article","og_title":"Pol\u00edtica de protecci\u00f3n de datos - Centro Ava Fisioterapia","og_description":"De acordo coa normativa de protecci\u00f3n de datos persoais, procedemos a para informarlle sobre o tratamento de datos persoais que [&hellip;]","og_url":"https:\/\/centroavafisioterapia.com\/gl\/politica-de-privacidade\/","og_site_name":"Centro Ava Fisioterapia","article_publisher":"https:\/\/www.facebook.com\/centroavafisioterapia\/","article_modified_time":"2026-02-05T12:53:53+00:00","twitter_card":"summary_large_image","twitter_misc":{"Tempo de lectura":"2 minutos"},"schema":{"@context":"https:\/\/schema.org","@graph":[{"@type":"WebPage","@id":"https:\/\/centroavafisioterapia.com\/gl\/politica-de-privacidade\/","url":"https:\/\/centroavafisioterapia.com\/gl\/politica-de-privacidade\/","name":"Pol\u00edtica de protecci\u00f3n de datos - Centro Ava Fisioterapia","isPartOf":{"@id":"https:\/\/centroavafisioterapia.com\/#website"},"datePublished":"2025-06-25T12:47:17+00:00","dateModified":"2026-02-05T12:53:53+00:00","breadcrumb":{"@id":"https:\/\/centroavafisioterapia.com\/gl\/politica-de-privacidade\/#breadcrumb"},"inLanguage":"gl-ES","potentialAction":[{"@type":"ReadAction","target":["https:\/\/centroavafisioterapia.com\/gl\/politica-de-privacidade\/"]}]},{"@type":"BreadcrumbList","@id":"https:\/\/centroavafisioterapia.com\/gl\/politica-de-privacidade\/#breadcrumb","itemListElement":[{"@type":"ListItem","position":1,"name":"Portada","item":"https:\/\/centroavafisioterapia.com\/gl\/comezar\/"},{"@type":"ListItem","position":2,"name":"Pol\u00edtica de protecci\u00f3n de datos"}]},{"@type":"WebSite","@id":"https:\/\/centroavafisioterapia.com\/#website","url":"https:\/\/centroavafisioterapia.com\/","name":"Centro Ava Fisioterapia","description":"Sitio web de Centro Ava Fisioterapia","publisher":{"@id":"https:\/\/centroavafisioterapia.com\/#organization"},"potentialAction":[{"@type":"SearchAction","target":{"@type":"EntryPoint","urlTemplate":"https:\/\/centroavafisioterapia.com\/?s={search_term_string}"},"query-input":{"@type":"PropertyValueSpecification","valueRequired":true,"valueName":"search_term_string"}}],"inLanguage":"gl-ES"},{"@type":"Organization","@id":"https:\/\/centroavafisioterapia.com\/#organization","name":"Centro Ava Fisioterapia","url":"https:\/\/centroavafisioterapia.com\/","logo":{"@type":"ImageObject","inLanguage":"gl-ES","@id":"https:\/\/centroavafisioterapia.com\/#\/schema\/logo\/image\/","url":"https:\/\/centroavafisioterapia.com\/wp-content\/uploads\/2025\/07\/Anadir-un-titulo.svg","contentUrl":"https:\/\/centroavafisioterapia.com\/wp-content\/uploads\/2025\/07\/Anadir-un-titulo.svg","width":180,"height":60,"caption":"Centro Ava Fisioterapia"},"image":{"@id":"https:\/\/centroavafisioterapia.com\/#\/schema\/logo\/image\/"},"sameAs":["https:\/\/www.facebook.com\/centroavafisioterapia\/"]}]}},"_links":{"self":[{"href":"https:\/\/centroavafisioterapia.com\/gl\/wp-json\/wp\/v2\/pages\/1244","targetHints":{"allow":["GET"]}}],"collection":[{"href":"https:\/\/centroavafisioterapia.com\/gl\/wp-json\/wp\/v2\/pages"}],"about":[{"href":"https:\/\/centroavafisioterapia.com\/gl\/wp-json\/wp\/v2\/types\/page"}],"author":[{"embeddable":true,"href":"https:\/\/centroavafisioterapia.com\/gl\/wp-json\/wp\/v2\/users\/1"}],"replies":[{"embeddable":true,"href":"https:\/\/centroavafisioterapia.com\/gl\/wp-json\/wp\/v2\/comments?post=1244"}],"version-history":[{"count":3,"href":"https:\/\/centroavafisioterapia.com\/gl\/wp-json\/wp\/v2\/pages\/1244\/revisions"}],"predecessor-version":[{"id":1330,"href":"https:\/\/centroavafisioterapia.com\/gl\/wp-json\/wp\/v2\/pages\/1244\/revisions\/1330"}],"wp:attachment":[{"href":"https:\/\/centroavafisioterapia.com\/gl\/wp-json\/wp\/v2\/media?parent=1244"}],"curies":[{"name":"wp","href":"https:\/\/api.w.org\/{rel}","templated":true}]}}