{"id":1322,"date":"2025-06-25T12:47:17","date_gmt":"2025-06-25T12:47:17","guid":{"rendered":"https:\/\/centroavafisioterapia.com\/aviso-legal\/"},"modified":"2026-02-05T11:33:34","modified_gmt":"2026-02-05T11:33:34","slug":"aviso-legal","status":"publish","type":"page","link":"https:\/\/centroavafisioterapia.com\/gl\/aviso-legal\/","title":{"rendered":"Aviso legal"},"content":{"rendered":"\n<p>En cumprimento da Lei 34\/2002, do 11 de xu\u00f1o, de servizos da sociedade da informaci\u00f3n e de comercio electr\u00f3nico (LSSI), facilit\u00e1moslle informaci\u00f3n sobre o titular deste sitio web:<\/p>\n\n<p>ANDR\u00c9S VILA \u00c1LVAREZ<\/p>\n\n<p>CIF: 33338049D<\/p>\n\n<p>R\u00daA RAM\u00d3N FERREIRO 21 &#8211; GRAN HOTEL LUGO GALER\u00cdAS COMERCIAIS &#8211; 27002 LUGO (LUGO)<\/p>\n\n<p>REXISTRO MERCANTIL:<strong><strong> <\/strong><\/strong><\/p>\n\n<p><\/p>\n\n<p><strong>1.- Condici\u00f3ns xerais de uso do portal  <\/strong><\/p>\n\n<p>O sitio web www.centroavafisioterapia.com ten como obxectivo informar ao p\u00fablico en xeral sobre os seus servizos.  <\/p>\n\n<p>Visitar e usar este sitio web implica a aceptaci\u00f3n plena e expresa das condici\u00f3ns establecidas neste aviso legal. Ao usar este sitio web, vostede acepta estar vinculado por estas condici\u00f3ns e pola nosa Pol\u00edtica de privacidade e cookies. Se non est\u00e1 de acordo con todas as condici\u00f3ns establecidas no noso Aviso legal, Pol\u00edtica de privacidade e Pol\u00edtica de cookies, non debe usar este sitio web.  <\/p>\n\n<p>ANDR\u00c9S VILA \u00c1LVAREZ res\u00e9rvase o dereito de realizar, sen previo aviso, as modificaci\u00f3ns que considere oportunas no seu sitio web, podendo cambiar, eliminar, engadir ou actualizar a informaci\u00f3n contida no seu sitio web ou a s\u00faa configuraci\u00f3n e presentaci\u00f3n.<\/p>\n\n<p>Recomend\u00e1moslle que comprobe a validez e exactitude do contido deste aviso legal, xa que pode sufrir modificaci\u00f3ns, co fin de manter actualizada a informaci\u00f3n publicada no portal.  <\/p>\n\n<p>A validez das condici\u00f3ns de uso depender\u00e1 dos cambios que sexan necesarios no sitio web. Calquera cambio necesario ser\u00e1 sempre publicado.<\/p>\n\n<p><strong>2. Protecci\u00f3n de datos<\/strong><\/p>\n\n<p>ANDR\u00c9S VILA \u00c1LVAREZ cumpre coas directrices da normativa vixente en materia de protecci\u00f3n de datos: a Lei Org\u00e1nica 3\/2018, do 5 de decembro, de Protecci\u00f3n de Datos Persoais e garant\u00eda dos dereitos dixitais e o Regulamento Xeral de Protecci\u00f3n de Datos 2016\/679 do Parlamento Europeo e do Consello do 27 de abril de 2016 e comprom\u00e9tese a garantir un correcto uso e tratamento dos datos persoais dos usuarios.  <\/p>\n\n<p>Debe acceder \u00e1 Pol\u00edtica de Privacidade de ANDR\u00c9S VILA \u00c1LVAREZ na seguinte ligaz\u00f3n: <a href=\"https:\/\/centroavafisioterapia.com\/politica-de-privacidad\/\">Pol\u00edtica de Privacidade \u2013 Centro de Fisioterapia Ava<\/a> , para obter informaci\u00f3n sobre o tratamento dos seus datos persoais.  <\/p>\n\n<p><strong>3. Propiedade intelectual e industrial<\/strong><\/p>\n\n<p>ANDR\u00c9S VILA \u00c1LVAREZ \u00e9 titular de todos os dereitos de propiedade intelectual e industrial dos contidos do seu sitio web, as\u00ed como de calquera imaxe, son, audio, v\u00eddeo, software, textos, marcas comerciais ou logotipos, etc. E est\u00e1n protexidos polos correspondentes dereitos de propiedade intelectual e industrial.  <\/p>\n\n<p>Queda expresamente prohibida a reproduci\u00f3n, comunicaci\u00f3n p\u00fablica e distribuci\u00f3n de calquera contido deste sitio web con fins comerciais, en calquera soporte e por calquera medio t\u00e9cnico, sen a autorizaci\u00f3n previa e expresa de ANDR\u00c9S VILA \u00c1LVAREZ.<\/p>\n\n<p>Si, autor\u00edzase o uso do contido do sitio web para uso persoal e privado. Calquera outro uso deber\u00e1 ser comunicado e autorizado expresamente por ANDR\u00c9S VILA \u00c1LVAREZ previamente.<\/p>\n\n<p><strong>4. Responsabilidade<\/strong><\/p>\n\n<p>ANDR\u00c9S VILA \u00c1LVAREZ non garante a ausencia de erros no contido do sitio web, nin que este estea actualizado, a\u00ednda que a s\u00faa intenci\u00f3n sempre ser\u00e1 evitalos, corrixilos ou actualizalos.  <\/p>\n\n<p>ANDR\u00c9S VILA \u00c1LVAREZ non se responsabiliza dos danos de calquera tipo que poidan causarse ao sistema inform\u00e1tico do usuario do sitio web, como consecuencia da presenza de virus ou do mal funcionamento do navegador.<\/p>\n\n<p><strong>5.- Ligaz\u00f3ns<\/strong><\/p>\n\n<p>ANDR\u00c9S VILA \u00c1LVAREZ pode publicar ligaz\u00f3ns externas e ligaz\u00f3ns alleas a este sitio web se as considera do seu interese. Dado que se trata de ligaz\u00f3ns externas, ANDR\u00c9S VILA \u00c1LVAREZ non se responsabiliza do contido destas hiperligaz\u00f3ns, nin garante a s\u00faa dispo\u00f1ibilidade t\u00e9cnica, calidade, fiabilidade, exactitude e constitucionalidade de ning\u00fan material ou formaci\u00f3n contida nelas.<\/p>\n\n<p>A inclusi\u00f3n destas hiperligaz\u00f3ns non implica ning\u00fan tipo de asociaci\u00f3n coas entidades que as pos\u00faen.<\/p>\n\n<p><strong>6. Dereito de exclusi\u00f3n<\/strong><\/p>\n\n<p>ANDR\u00c9S VILA \u00c1LVAREZ poder\u00e1 impedir o acceso ao sitio web a calquera usuario que infrinxa as condici\u00f3ns reflectidas neste aviso legal.  <\/p>\n\n<p><strong>7. Lexislaci\u00f3n e xurisdici\u00f3n aplicables<\/strong><\/p>\n\n<p>&#8211; <a href=\"https:\/\/lssi.digital.gob.es\/?utm_source=chatgpt.com\">Lei de Servizos da Sociedade da Informaci\u00f3n e Comercio Electr\u00f3nico (LSSICE).<\/a> <\/p>\n\n<p><a href=\"https:\/\/www.boe.es\/buscar\/act.php?id=BOE-A-2018-16673\">&#8211; Lei Org\u00e1nica de Protecci\u00f3n de Datos Persoais e Garant\u00eda dos Dereitos Dixitais (LOPDGDD).<\/a><\/p>\n\n<p><a href=\"https:\/\/www.boe.es\/doue\/2016\/119\/L00001-00088.pdf?utm_source=chatgpt.com\">&#8211; Regulamento Xeral de Protecci\u00f3n de Datos (UE) 2016\/679.<\/a><\/p>\n\n<p><a href=\"https:\/\/www.boe.es\/buscar\/act.php?id=BOE-A-2007-20555\">&#8211; Lei Xeral para a Defensa dos Consumidores e Usuarios.<\/a><br\/><\/p>\n\n<p><\/p>\n","protected":false},"excerpt":{"rendered":"<p>En cumprimento da Lei 34\/2002, do 11 de xu\u00f1o, de servizos da sociedade da informaci\u00f3n e de comercio electr\u00f3nico (LSSI), [&hellip;]<\/p>\n","protected":false},"author":1,"featured_media":0,"parent":0,"menu_order":0,"comment_status":"closed","ping_status":"closed","template":"","meta":{"site-sidebar-layout":"default","site-content-layout":"","ast-site-content-layout":"default","site-content-style":"default","site-sidebar-style":"default","ast-global-header-display":"","ast-banner-title-visibility":"","ast-main-header-display":"","ast-hfb-above-header-display":"","ast-hfb-below-header-display":"","ast-hfb-mobile-header-display":"","site-post-title":"","ast-breadcrumbs-content":"","ast-featured-img":"","footer-sml-layout":"","theme-transparent-header-meta":"","adv-header-id-meta":"","stick-header-meta":"","header-above-stick-meta":"","header-main-stick-meta":"","header-below-stick-meta":"","astra-migrate-meta-layouts":"default","ast-page-background-enabled":"default","ast-page-background-meta":{"desktop":{"background-color":"var(--ast-global-color-4)","background-image":"","background-repeat":"repeat","background-position":"center center","background-size":"auto","background-attachment":"scroll","background-type":"","background-media":"","overlay-type":"","overlay-color":"","overlay-opacity":"","overlay-gradient":""},"tablet":{"background-color":"","background-image":"","background-repeat":"repeat","background-position":"center center","background-size":"auto","background-attachment":"scroll","background-type":"","background-media":"","overlay-type":"","overlay-color":"","overlay-opacity":"","overlay-gradient":""},"mobile":{"background-color":"","background-image":"","background-repeat":"repeat","background-position":"center center","background-size":"auto","background-attachment":"scroll","background-type":"","background-media":"","overlay-type":"","overlay-color":"","overlay-opacity":"","overlay-gradient":""}},"ast-content-background-meta":{"desktop":{"background-color":"var(--ast-global-color-5)","background-image":"","background-repeat":"repeat","background-position":"center center","background-size":"auto","background-attachment":"scroll","background-type":"","background-media":"","overlay-type":"","overlay-color":"","overlay-opacity":"","overlay-gradient":""},"tablet":{"background-color":"var(--ast-global-color-5)","background-image":"","background-repeat":"repeat","background-position":"center center","background-size":"auto","background-attachment":"scroll","background-type":"","background-media":"","overlay-type":"","overlay-color":"","overlay-opacity":"","overlay-gradient":""},"mobile":{"background-color":"var(--ast-global-color-5)","background-image":"","background-repeat":"repeat","background-position":"center center","background-size":"auto","background-attachment":"scroll","background-type":"","background-media":"","overlay-type":"","overlay-color":"","overlay-opacity":"","overlay-gradient":""}},"footnotes":""},"class_list":["post-1322","page","type-page","status-publish","hentry"],"yoast_head":"<!-- This site is optimized with the Yoast SEO plugin v26.9 - https:\/\/yoast.com\/product\/yoast-seo-wordpress\/ -->\n<title>Aviso legal - Centro Ava Fisioterapia<\/title>\n<meta name=\"robots\" content=\"index, follow, max-snippet:-1, max-image-preview:large, max-video-preview:-1\" \/>\n<link rel=\"canonical\" href=\"https:\/\/centroavafisioterapia.com\/gl\/aviso-legal\/\" \/>\n<meta property=\"og:locale\" content=\"gl_ES\" \/>\n<meta property=\"og:type\" content=\"article\" \/>\n<meta property=\"og:title\" content=\"Aviso legal - Centro Ava Fisioterapia\" \/>\n<meta property=\"og:description\" content=\"En cumprimento da Lei 34\/2002, do 11 de xu\u00f1o, de servizos da sociedade da informaci\u00f3n e de comercio electr\u00f3nico (LSSI), [&hellip;]\" \/>\n<meta property=\"og:url\" content=\"https:\/\/centroavafisioterapia.com\/gl\/aviso-legal\/\" \/>\n<meta property=\"og:site_name\" content=\"Centro Ava Fisioterapia\" \/>\n<meta property=\"article:publisher\" content=\"https:\/\/www.facebook.com\/centroavafisioterapia\/\" \/>\n<meta property=\"article:modified_time\" content=\"2026-02-05T11:33:34+00:00\" \/>\n<meta name=\"twitter:card\" content=\"summary_large_image\" \/>\n<meta name=\"twitter:label1\" content=\"Tempo de lectura\" \/>\n\t<meta name=\"twitter:data1\" content=\"4 minutos\" \/>\n<script type=\"application\/ld+json\" class=\"yoast-schema-graph\">{\"@context\":\"https:\/\/schema.org\",\"@graph\":[{\"@type\":\"WebPage\",\"@id\":\"https:\/\/centroavafisioterapia.com\/gl\/aviso-legal\/\",\"url\":\"https:\/\/centroavafisioterapia.com\/gl\/aviso-legal\/\",\"name\":\"Aviso legal - Centro Ava Fisioterapia\",\"isPartOf\":{\"@id\":\"https:\/\/centroavafisioterapia.com\/#website\"},\"datePublished\":\"2025-06-25T12:47:17+00:00\",\"dateModified\":\"2026-02-05T11:33:34+00:00\",\"breadcrumb\":{\"@id\":\"https:\/\/centroavafisioterapia.com\/gl\/aviso-legal\/#breadcrumb\"},\"inLanguage\":\"gl-ES\",\"potentialAction\":[{\"@type\":\"ReadAction\",\"target\":[\"https:\/\/centroavafisioterapia.com\/gl\/aviso-legal\/\"]}]},{\"@type\":\"BreadcrumbList\",\"@id\":\"https:\/\/centroavafisioterapia.com\/gl\/aviso-legal\/#breadcrumb\",\"itemListElement\":[{\"@type\":\"ListItem\",\"position\":1,\"name\":\"Portada\",\"item\":\"https:\/\/centroavafisioterapia.com\/gl\/comezar\/\"},{\"@type\":\"ListItem\",\"position\":2,\"name\":\"Aviso legal\"}]},{\"@type\":\"WebSite\",\"@id\":\"https:\/\/centroavafisioterapia.com\/#website\",\"url\":\"https:\/\/centroavafisioterapia.com\/\",\"name\":\"Centro Ava Fisioterapia\",\"description\":\"Sitio web de Centro Ava Fisioterapia\",\"publisher\":{\"@id\":\"https:\/\/centroavafisioterapia.com\/#organization\"},\"potentialAction\":[{\"@type\":\"SearchAction\",\"target\":{\"@type\":\"EntryPoint\",\"urlTemplate\":\"https:\/\/centroavafisioterapia.com\/?s={search_term_string}\"},\"query-input\":{\"@type\":\"PropertyValueSpecification\",\"valueRequired\":true,\"valueName\":\"search_term_string\"}}],\"inLanguage\":\"gl-ES\"},{\"@type\":\"Organization\",\"@id\":\"https:\/\/centroavafisioterapia.com\/#organization\",\"name\":\"Centro Ava Fisioterapia\",\"url\":\"https:\/\/centroavafisioterapia.com\/\",\"logo\":{\"@type\":\"ImageObject\",\"inLanguage\":\"gl-ES\",\"@id\":\"https:\/\/centroavafisioterapia.com\/#\/schema\/logo\/image\/\",\"url\":\"https:\/\/centroavafisioterapia.com\/wp-content\/uploads\/2025\/07\/Anadir-un-titulo.svg\",\"contentUrl\":\"https:\/\/centroavafisioterapia.com\/wp-content\/uploads\/2025\/07\/Anadir-un-titulo.svg\",\"width\":180,\"height\":60,\"caption\":\"Centro Ava Fisioterapia\"},\"image\":{\"@id\":\"https:\/\/centroavafisioterapia.com\/#\/schema\/logo\/image\/\"},\"sameAs\":[\"https:\/\/www.facebook.com\/centroavafisioterapia\/\"]}]}<\/script>\n<!-- \/ Yoast SEO plugin. -->","yoast_head_json":{"title":"Aviso legal - Centro Ava Fisioterapia","robots":{"index":"index","follow":"follow","max-snippet":"max-snippet:-1","max-image-preview":"max-image-preview:large","max-video-preview":"max-video-preview:-1"},"canonical":"https:\/\/centroavafisioterapia.com\/gl\/aviso-legal\/","og_locale":"gl_ES","og_type":"article","og_title":"Aviso legal - Centro Ava Fisioterapia","og_description":"En cumprimento da Lei 34\/2002, do 11 de xu\u00f1o, de servizos da sociedade da informaci\u00f3n e de comercio electr\u00f3nico (LSSI), [&hellip;]","og_url":"https:\/\/centroavafisioterapia.com\/gl\/aviso-legal\/","og_site_name":"Centro Ava Fisioterapia","article_publisher":"https:\/\/www.facebook.com\/centroavafisioterapia\/","article_modified_time":"2026-02-05T11:33:34+00:00","twitter_card":"summary_large_image","twitter_misc":{"Tempo de lectura":"4 minutos"},"schema":{"@context":"https:\/\/schema.org","@graph":[{"@type":"WebPage","@id":"https:\/\/centroavafisioterapia.com\/gl\/aviso-legal\/","url":"https:\/\/centroavafisioterapia.com\/gl\/aviso-legal\/","name":"Aviso legal - Centro Ava Fisioterapia","isPartOf":{"@id":"https:\/\/centroavafisioterapia.com\/#website"},"datePublished":"2025-06-25T12:47:17+00:00","dateModified":"2026-02-05T11:33:34+00:00","breadcrumb":{"@id":"https:\/\/centroavafisioterapia.com\/gl\/aviso-legal\/#breadcrumb"},"inLanguage":"gl-ES","potentialAction":[{"@type":"ReadAction","target":["https:\/\/centroavafisioterapia.com\/gl\/aviso-legal\/"]}]},{"@type":"BreadcrumbList","@id":"https:\/\/centroavafisioterapia.com\/gl\/aviso-legal\/#breadcrumb","itemListElement":[{"@type":"ListItem","position":1,"name":"Portada","item":"https:\/\/centroavafisioterapia.com\/gl\/comezar\/"},{"@type":"ListItem","position":2,"name":"Aviso legal"}]},{"@type":"WebSite","@id":"https:\/\/centroavafisioterapia.com\/#website","url":"https:\/\/centroavafisioterapia.com\/","name":"Centro Ava Fisioterapia","description":"Sitio web de Centro Ava Fisioterapia","publisher":{"@id":"https:\/\/centroavafisioterapia.com\/#organization"},"potentialAction":[{"@type":"SearchAction","target":{"@type":"EntryPoint","urlTemplate":"https:\/\/centroavafisioterapia.com\/?s={search_term_string}"},"query-input":{"@type":"PropertyValueSpecification","valueRequired":true,"valueName":"search_term_string"}}],"inLanguage":"gl-ES"},{"@type":"Organization","@id":"https:\/\/centroavafisioterapia.com\/#organization","name":"Centro Ava Fisioterapia","url":"https:\/\/centroavafisioterapia.com\/","logo":{"@type":"ImageObject","inLanguage":"gl-ES","@id":"https:\/\/centroavafisioterapia.com\/#\/schema\/logo\/image\/","url":"https:\/\/centroavafisioterapia.com\/wp-content\/uploads\/2025\/07\/Anadir-un-titulo.svg","contentUrl":"https:\/\/centroavafisioterapia.com\/wp-content\/uploads\/2025\/07\/Anadir-un-titulo.svg","width":180,"height":60,"caption":"Centro Ava Fisioterapia"},"image":{"@id":"https:\/\/centroavafisioterapia.com\/#\/schema\/logo\/image\/"},"sameAs":["https:\/\/www.facebook.com\/centroavafisioterapia\/"]}]}},"_links":{"self":[{"href":"https:\/\/centroavafisioterapia.com\/gl\/wp-json\/wp\/v2\/pages\/1322","targetHints":{"allow":["GET"]}}],"collection":[{"href":"https:\/\/centroavafisioterapia.com\/gl\/wp-json\/wp\/v2\/pages"}],"about":[{"href":"https:\/\/centroavafisioterapia.com\/gl\/wp-json\/wp\/v2\/types\/page"}],"author":[{"embeddable":true,"href":"https:\/\/centroavafisioterapia.com\/gl\/wp-json\/wp\/v2\/users\/1"}],"replies":[{"embeddable":true,"href":"https:\/\/centroavafisioterapia.com\/gl\/wp-json\/wp\/v2\/comments?post=1322"}],"version-history":[{"count":1,"href":"https:\/\/centroavafisioterapia.com\/gl\/wp-json\/wp\/v2\/pages\/1322\/revisions"}],"predecessor-version":[{"id":1323,"href":"https:\/\/centroavafisioterapia.com\/gl\/wp-json\/wp\/v2\/pages\/1322\/revisions\/1323"}],"wp:attachment":[{"href":"https:\/\/centroavafisioterapia.com\/gl\/wp-json\/wp\/v2\/media?parent=1322"}],"curies":[{"name":"wp","href":"https:\/\/api.w.org\/{rel}","templated":true}]}}